{"id":3335,"date":"2023-10-02T10:48:21","date_gmt":"2023-10-02T10:48:21","guid":{"rendered":"https:\/\/prast.info\/privacy-policy\/"},"modified":"2024-07-10T15:46:27","modified_gmt":"2024-07-10T15:46:27","slug":"privacy-policy","status":"publish","type":"page","link":"https:\/\/prast.info\/it\/privacy-policy\/","title":{"rendered":"Privacy Policy"},"content":{"rendered":"[vc_row type=&#8221;full_width_background&#8221; full_screen_row_position=&#8221;middle&#8221; column_margin=&#8221;default&#8221; column_direction=&#8221;default&#8221; column_direction_tablet=&#8221;default&#8221; column_direction_phone=&#8221;default&#8221; scene_position=&#8221;center&#8221; top_padding=&#8221;5%&#8221; constrain_group_1=&#8221;yes&#8221; bottom_padding=&#8221;5%&#8221; text_color=&#8221;dark&#8221; text_align=&#8221;left&#8221; row_border_radius=&#8221;none&#8221; row_border_radius_applies=&#8221;bg&#8221; overflow=&#8221;visible&#8221; overlay_strength=&#8221;0.3&#8243; gradient_direction=&#8221;left_to_right&#8221; shape_divider_position=&#8221;bottom&#8221; bg_image_animation=&#8221;none&#8221; gradient_type=&#8221;default&#8221; shape_type=&#8221;&#8221;][vc_column column_padding=&#8221;no-extra-padding&#8221; column_padding_tablet=&#8221;inherit&#8221; column_padding_phone=&#8221;inherit&#8221; column_padding_position=&#8221;all&#8221; column_element_direction_desktop=&#8221;default&#8221; column_element_spacing=&#8221;default&#8221; desktop_text_alignment=&#8221;default&#8221; tablet_text_alignment=&#8221;default&#8221; phone_text_alignment=&#8221;default&#8221; background_color_opacity=&#8221;1&#8243; background_hover_color_opacity=&#8221;1&#8243; column_backdrop_filter=&#8221;none&#8221; column_shadow=&#8221;none&#8221; column_border_radius=&#8221;none&#8221; column_link_target=&#8221;_self&#8221; column_position=&#8221;default&#8221; gradient_direction=&#8221;left_to_right&#8221; overlay_strength=&#8221;0.3&#8243; width=&#8221;1\/1&#8243; tablet_width_inherit=&#8221;default&#8221; animation_type=&#8221;default&#8221; bg_image_animation=&#8221;none&#8221; border_type=&#8221;simple&#8221; column_border_width=&#8221;none&#8221; column_border_style=&#8221;solid&#8221;][vc_column_text css=&#8221;&#8221; text_direction=&#8221;default&#8221;]\n<p class=\"p1\">Lettera informativa sul trattamento dei dati ai sensi degli artt. 13 e 14 del GDPR 679\/2016<\/p>\n<p class=\"p1\">Ai sensi degli artt. 13 e 14 del GDPR 679\/2016, informiamo che la nostra azienda Prast OHG tratta i dati personali di clienti e fornitori nonch\u00e9 di persone che comunicano volontariamente i propri dati al nostro ufficio o alla direzione aziendale (per iscritto, telefonicamente, via fax o e-mail).<\/p>\n<p class=\"p1\">La nostra azienda garantisce, nei limiti delle disposizioni di legge, che il trattamento dei dati personali avviene nel rispetto dei diritti e delle libert\u00e0 fondamentali, nonch\u00e9 della dignit\u00e0 dell\u2019interessato, con particolare riferimento alla riservatezza, all\u2019identit\u00e0 personale e al diritto alla protezione dei dati personali.<\/p>\n<p class=\"p1\">Tipologia, finalit\u00e0 e scopo del trattamento dei dati<\/p>\n<p class=\"p1\">Vengono trattati i seguenti dati personali:<\/p>\n<p class=\"p3\">\u2022Nome e cognome<\/p>\n<p class=\"p3\">\u2022Indirizzo di residenza<\/p>\n<p class=\"p3\">\u2022Indirizzo e-mail e numero di telefono<\/p>\n<p class=\"p3\">\u2022Coordinate bancarie<\/p>\n<p class=\"p1\">La raccolta dei dati avviene per le seguenti finalit\u00e0:<\/p>\n<p class=\"p3\">\u2022Adempimento di obblighi di legge, regolamenti, normative comunitarie nonch\u00e9 leggi civili e fiscali<\/p>\n<p class=\"p3\">\u2022Adempimento di eventuali obblighi contrattuali nei confronti dell\u2019interessato<\/p>\n<p class=\"p3\">\u2022Esecuzione di attivit\u00e0 connesse all\u2019attivit\u00e0 commerciale della nostra azienda come la gestione di un archivio clienti, la compilazione di statistiche interne, la contabilit\u00e0 e la gestione della contabilit\u00e0 clienti\/fornitori<\/p>\n<p class=\"p3\">\u2022Finalit\u00e0 di tipo commerciale come l\u2019invio di informazioni commerciali e materiale pubblicitario (via posta, fax e e-mail), marketing e ricerche di mercato<\/p>\n<p class=\"p3\">\u2022Tutela dei crediti e gestione delle passivit\u00e0<\/p>\n<p class=\"p1\">Conferimento volontario dei dati<\/p>\n<p class=\"p1\">Fermo restando quanto sopra per i dati di navigazione web, l\u2019utente \u00e8 libero di fornire ulteriori dati al titolare del trattamento per accedere a ulteriori servizi, come ad esempio newsletter, servizi di e-commerce o richieste di informazioni. L\u2019utente trasmette questi dati tramite il sito web prast.info e, con ci\u00f2, acconsente al trattamento dei dati entro i limiti e per lo scopo delle informazioni richieste.<\/p>\n<p class=\"p1\">La mancata trasmissione di tali dati comporta l\u2019impossibilit\u00e0 di fornire i servizi richiesti o le informazioni richieste. Si precisa inoltre che l\u2019accettazione dei cosiddetti cookie \u00e8 assolutamente necessaria per poter accedere ai siti web dinamici.<\/p>\n<p class=\"p1\">Comunicazione e\/o diffusione dei dati<\/p>\n<p class=\"p1\">I dati personali degli utenti vengono utilizzati esclusivamente per poter fornire i servizi richiesti o le informazioni richieste. Vengono comunicati a terzi solo nei seguenti casi:<\/p>\n<p class=\"p3\">\u2022agli istituti di credito con i quali la nostra azienda intrattiene rapporti commerciali per la gestione dei crediti\/passivit\u00e0;<\/p>\n<p class=\"p3\">\u2022a persone fisiche e\/o giuridiche, pubbliche e\/o private (studi legali, amministrativi e fiscali, tribunali, camere di commercio, ecc.), ogniqualvolta ci\u00f2 sia necessario per fornire il servizio richiesto dall\u2019utente;<\/p>\n<p class=\"p3\">\u2022quando la trasmissione \u00e8 prescritta per legge o da regolamenti corrispondenti, su ordinanza delle autorit\u00e0 o nel corso di un eventuale procedimento giudiziario;<\/p>\n<p class=\"p3\">\u2022quando l\u2019utente stesso autorizza espressamente il titolare del sito o del trattamento a comunicare i propri dati a societ\u00e0 per ricevere offerte mirate, basate su esigenze e desideri espressi dai dati acquisiti o trasmessi.<\/p>\n<p class=\"p1\">Modalit\u00e0 del trattamento dei dati<\/p>\n<p class=\"p1\">I dati personali vengono trattati con strumenti automatici, in forma anonima e solo per il periodo strettamente necessario per raggiungere gli scopi per cui i dati sono stati raccolti. Vengono adottate misure di sicurezza specifiche per evitare la perdita di dati, l\u2019uso illecito o scorretto dei dati o l\u2019accesso non autorizzato.<\/p>\n<p class=\"p1\">I dati personali trattati dalla nostra azienda non sono soggetti a diffusione. Il trattamento dei dati pu\u00f2 essere effettuato con o senza l\u2019ausilio di strumenti elettronici o comunque automatizzati e pu\u00f2 consistere in qualsiasi operazione o insieme di operazioni come la raccolta, la memorizzazione, l\u2019organizzazione, la conservazione, l\u2019elaborazione, la modifica, la selezione, il recupero, il confronto, l\u2019uso, l\u2019interconnessione, il blocco, la comunicazione, la diffusione, la cancellazione o la distruzione dei dati. In ogni caso, il trattamento dei dati avviene nel rispetto di tutte le misure di sicurezza che ne garantiscono la sicurezza e la riservatezza.<\/p>\n<p class=\"p1\">Titolare e responsabile del trattamento dei dati<\/p>\n<p class=\"p1\">Titolare del trattamento dei dati \u00e8 Matthias Prast<\/p>\n<p class=\"p1\">Responsabile del trattamento dei dati \u00e8 Matthias Prast<\/p>\n<p>&nbsp;<\/p>\n<p class=\"p1\"><b>Luogo di trattamento dei dati<\/b><\/p>\n<p class=\"p1\">Il trattamento dei dati connessi ai servizi web di questo sito web ha luogo presso la sede del responsabile del trattamento dei dati di Prast OHG in Seestrasse, 2, ed \u00e8 effettuato solo dal personale tecnico incaricato del trattamento, oppure da eventuali incaricati di occasionali operazioni di manutenzione.<\/p>\n<p class=\"p1\">Nessun dato derivante dai servizi web viene comunicato o diffuso a terzi senza il preventivo ed esplicito consenso del titolare, o per scopi diversi da quelli esplicitamente autorizzati.<\/p>\n<p class=\"p1\"><b>Politica sui Cookie di Prast OHG<\/b><\/p>\n<p class=\"p1\">Per rendere la vostra visita al nostro sito il pi\u00f9 piacevole possibile, utilizziamo cookie per la presentazione della nostra offerta. Si tratta di informazioni di testo che vengono memorizzate localmente nella memoria temporanea del vostro browser e quindi sul vostro computer, per periodi che variano a seconda dello scopo, da poche ore a diversi anni. Un\u2019eccezione \u00e8 rappresentata dai cookie di profilazione dei dati che possono essere memorizzati per un massimo di 365 giorni.<\/p>\n<p class=\"p1\">Con l\u2019aiuto dei cookie \u00e8 possibile memorizzare temporaneamente informazioni sulle vostre preferenze e dati tecnici, il che facilita la navigazione e l\u2019uso efficiente del sito stesso. Grazie ai cookie, ad esempio, \u00e8 possibile sapere se il nostro sito \u00e8 stato visitato tramite il vostro computer, in modo da evidenziare le novit\u00e0 dalla vostra ultima visita e mostrare i dati di login. Per la vostra sicurezza, viene identificato esclusivamente il cookie memorizzato sul vostro computer.<\/p>\n<p class=\"p1\">Questo sito non utilizza cookie di profilazione. Ci\u00f2 significa che non vengono memorizzati o analizzati dati riguardanti i vostri gusti, preferenze, hobby e passioni, n\u00e9 altre informazioni a scopo commerciale.<\/p>\n<p class=\"p1\"><b>Tipi di cookie implementati<\/b><\/p>\n<p class=\"p1\">Questo sito utilizza due tipi diversi di cookie:<\/p>\n<p class=\"p1\">A) Cookie tecnici necessari:<\/p>\n<p class=\"p1\">Questi cookie sono necessari affinch\u00e9 il sito funzioni correttamente. Permettono la navigazione tra le pagine, la visualizzazione dei contenuti e la memorizzazione delle credenziali di accesso per consentire un accesso pi\u00f9 rapido al sito, mantenendo attive le vostre preferenze e credenziali di accesso durante la navigazione. Senza questi cookie, non potremmo offrire i servizi per i quali gli utenti visitano il nostro sito.<\/p>\n<p class=\"p1\">B) Cookie statistici e di analisi delle pagine:<\/p>\n<p class=\"p1\">Questi cookie ci permettono di raccogliere informazioni su come i visitatori utilizzano il nostro sito. Dalle informazioni raccolte, possiamo migliorare il funzionamento delle pagine e presentare contenuti che meglio rispondano ai desideri dei nostri utenti. Questi cookie permettono di analizzare quali pagine vengono maggiormente o meno utilizzate, misurando accessi, tempi di permanenza e pagine di provenienza degli utenti. Le informazioni raccolte da questi cookie sono anonime e non possono essere collegate ai dati personali degli utenti. Inoltre, vengono elaborate esclusivamente in forma aggregata. Per garantire ci\u00f2, utilizziamo servizi di terzi che anonimizzano i dati e li disaccoppiano dai singoli utenti (\u201csingle-in\u201d). Ogniqualvolta i servizi non sono completamente anonimi, vengono elencati tra i cookie di terze parti. La loro utilizzazione pu\u00f2 essere rifiutata per proteggere la propria privacy.<\/p>\n<p class=\"p1\">Per analizzare le prestazioni delle pagine, questo sito utilizza Google Analytics, uno strumento web di Google Inc. (\u201cGoogle\u201d). Google Analytics utilizza cookie per raccogliere dati sull\u2019uso di un sito web. Le informazioni generali sulla vostra utilizzo del sito (incluso il vostro indirizzo IP) raccolte dai cookie vengono trasmesse ai server di Google negli Stati Uniti e l\u00ec memorizzate. Google utilizza questi dati per tracciare e esaminare il vostro utilizzo del sito, per compilare rapporti sulle attivit\u00e0 del sito per gli operatori del sito stesso e per fornire altri servizi legati all\u2019utilizzo del sito e di Internet. Google pu\u00f2 anche trasferire queste informazioni a terzi, laddove richiesto dalla legge o laddove tali terzi trattino le informazioni per conto di Google. Google non assocer\u00e0 il vostro indirizzo IP a nessun altro dato posseduto da Google.<\/p>\n<p class=\"p1\">Le funzioni assunte dai cookie su questo sito sono le seguenti:<\/p>\n<p class=\"p1\"><b>Impostazioni<\/b><\/p>\n<p class=\"p1\">Se le informazioni di un cookie delle impostazioni vengono perse, l\u2019uso del sito potrebbe risultare pi\u00f9 difficoltoso, ma generalmente non comporta un\u2019interruzione del servizio. La maggior parte dei browser degli utenti di Google utilizza un cookie di impostazioni chiamato \u201cPREF\u201d. Questo cookie viene inviato con le richieste ai siti web di Google. Il cookie PREF pu\u00f2 memorizzare le vostre preferenze e altre informazioni, in particolare la lingua preferita (ad es. tedesco), il numero di risultati di ricerca da visualizzare per pagina (ad es. 10 o 20) e lo stato di attivazione del filtro SafeSearch di Google.<\/p>\n<p class=\"p1\"><b>Sicurezza<\/b><\/p>\n<p class=\"p1\">I cookie di sicurezza vengono utilizzati per autenticare gli utenti, prevenire l\u2019uso fraudolento delle credenziali di accesso e proteggere i dati degli utenti dall\u2019accesso non autorizzato. Ad esempio, vengono utilizzati i cookie SID e HSID che contengono l\u2019ID dell\u2019account Google e l\u2019orario dell\u2019ultimo accesso di un utente in forma digitale e crittografata. Grazie alla combinazione di questi due cookie \u00e8 possibile bloccare molti tipi di attacchi. In questo modo fermiamo azioni volte a rubare informazioni dai moduli che avete compilato sui siti web.<\/p>\n<p class=\"p1\"><b>Processi<\/b><\/p>\n<p class=\"p1\">I cookie di processo assicurano che un sito web funzioni correttamente e offra i servizi previsti. Influiscono sulla navigazione tra le pagine e sull\u2019accesso alle aree protette del sito web. Senza questi cookie, un sito web non funziona correttamente. Ad esempio, viene utilizzato un cookie chiamato \u201cLBCS\u201d che consente di aprire pi\u00f9 documenti in un browser in Google Docs. Se questo cookie viene bloccato, Google Docs non pu\u00f2 essere eseguito correttamente.<\/p>\n<p class=\"p1\"><b>Analytics<\/b><\/p>\n<p class=\"p1\">Google Analytics \u00e8 lo strumento di analisi di Google. Grazie a Google Analytics, i proprietari di siti web e app ottengono informazioni importanti su come i loro utenti interagiscono con le risorse offerte. Google Analytics pu\u00f2 utilizzare determinati cookie per raccogliere dati e generare statistiche sull\u2019utilizzo di un sito web, senza raccogliere informazioni che identifichino personalmente i singoli utenti per Google. Il tag pixel di Google Analytics pu\u00f2, oltre a generare statistiche sull\u2019uso, contribuire anche a mostrare annunci pi\u00f9 rilevanti nei prodotti Google come la ricerca Google e su Internet in generale, utilizzando alcuni cookie pubblicitari. Maggiori informazioni sui cookie di Analytics e sulla privacy sono disponibili qui.<\/p>\n<p class=\"p1\"><b>Controllo sui cookie e impostazioni<\/b><\/p>\n<p class=\"p1\">Se avete dubbi o preoccupazioni sull\u2019uso dei cookie, \u00e8 possibile prevenirne l\u2019utilizzo o controllarlo tramite le impostazioni sulla privacy del vostro browser, dove \u00e8 possibile bloccare determinati tipi di cookie. Poich\u00e9 i browser variano nella gestione delle impostazioni sulla privacy, potete trovare informazioni dettagliate su come modificare queste impostazioni nel manuale utente del vostro browser. Una panoramica delle procedure nei browser pi\u00f9 comuni \u00e8 disponibile anche su www.cookiepedia.co.uk. La maggior parte dei browser consente di gestire le preferenze sui cookie, come rifiutare i cookie in generale o accettare solo determinati tipi. Lo stesso vale per altre tecnologie simili ai cookie.<\/p>\n<p class=\"p1\">I seguenti link mostrano come impostare le preferenze nei browser pi\u00f9 comuni:<\/p>\n<p class=\"p1\">Internet Explorer<\/p>\n<p class=\"p1\">Firefox<\/p>\n<p class=\"p1\">Safari<\/p>\n<p class=\"p1\">Chrome<\/p>\n<p class=\"p1\">Ulteriori informazioni sulle possibilit\u00e0 di rifiuto sono disponibili su www.youronlinechoices.eu. Le aziende che fanno pubblicit\u00e0 su Internet consentono anche di rifiutare di ricevere annunci mirati. In questo caso, i cookie vengono comunque memorizzati, ma la trasmissione di determinati dati alle aziende \u00e8 impedita. \u00c8 possibile rifiutare l\u2019uso dei cookie completamente tramite le impostazioni del browser, tuttavia ci\u00f2 impedir\u00e0 l\u2019utilizzo completo di tutte le funzionalit\u00e0 di questo sito web. Utilizzando questo sito web, acconsentite al trattamento dei vostri dati da parte di Google entro i limiti descritti sopra.<\/p>\n<p class=\"p1\">L\u2019uso dei cookie pu\u00f2 essere bloccato tramite il browser, ma bisogna tenere presente che ci\u00f2 comporter\u00e0 la limitazione di alcune funzioni di questo sito web. \u00c8 possibile bloccare la memorizzazione e l\u2019elaborazione delle informazioni raccolte tramite cookie (incluso l\u2019indirizzo IP) da parte di Google.<\/p>\n<p class=\"p1\"><b>Consenso o rifiuto all\u2019uso dei cookie<\/b><\/p>\n<p class=\"p1\">Navigando su questo sito, chiudendo il banner informativo, cliccando sulla pagina o scorrendo la pagina per visualizzare ulteriori contenuti, acconsentite alla politica sui cookie di prast.info di Prast OHG e i cookie verranno utilizzati. Potete sempre rimuovere questi cookie seguendo le procedure descritte sopra.<\/p>\n<p class=\"p1\"><b>DIRITTI DELL\u2019INTERESSATO<\/b><\/p>\n<p class=\"p1\">La legge sulla protezione dei dati conferisce agli interessati la possibilit\u00e0 di esercitare determinati diritti ai sensi dell\u2019art. 15 del GDPR. In particolare, hanno il diritto di sapere quali dati personali il titolare possiede su di loro e di ottenere informazioni sulla loro esistenza, anche se non ancora registrati, e in una forma comprensibile ulteriori dettagli su tali dati, la loro origine e lo scopo del loro trattamento, nonch\u00e9 informazioni sui titolari e responsabili del trattamento e sulle persone e categorie di persone a cui questi dati potrebbero essere comunicati. L\u2019interessato ha il diritto di confermare e controllare i propri dati, di correggerli e integrarli, di richiedere che i dati siano cancellati, bloccati e trasformati in dati anonimi, se il trattamento viola le disposizioni di legge. Ha il diritto di opporsi, in tutto o in parte, per motivi legittimi, al trattamento dei propri dati, nonch\u00e9 di richiederne la cancellazione, il blocco, la trasformazione in dati anonimi e senza motivo giustificato, se i dati vengono utilizzati per scopi di informazione commerciale, invio di materiale pubblicitario, vendita diretta, ricerche di mercato e sondaggi di opinione.<\/p>\n<p class=\"p1\">Questi diritti possono essere esercitati dall\u2019interessato o da una persona incaricata mediante richiesta al responsabile Matthias Prast, Prast OHG, Seestrasse, 2, tramite raccomandata o e-mail a info@prast.info.<\/p>\n[\/vc_column_text][\/vc_column][\/vc_row]\n","protected":false},"excerpt":{"rendered":"<p>[vc_row type=&#8221;full_width_background&#8221; full_screen_row_position=&#8221;middle&#8221; column_margin=&#8221;default&#8221; column_direction=&#8221;default&#8221; column_direction_tablet=&#8221;default&#8221; column_direction_phone=&#8221;default&#8221; scene_position=&#8221;center&#8221; top_padding=&#8221;5%&#8221; constrain_group_1=&#8221;yes&#8221; bottom_padding=&#8221;5%&#8221; text_color=&#8221;dark&#8221; text_align=&#8221;left&#8221; row_border_radius=&#8221;none&#8221; row_border_radius_applies=&#8221;bg&#8221; overflow=&#8221;visible&#8221; overlay_strength=&#8221;0.3&#8243; gradient_direction=&#8221;left_to_right&#8221; shape_divider_position=&#8221;bottom&#8221; bg_image_animation=&#8221;none&#8221; gradient_type=&#8221;default&#8221; shape_type=&#8221;&#8221;][vc_column column_padding=&#8221;no-extra-padding&#8221; column_padding_tablet=&#8221;inherit&#8221; column_padding_phone=&#8221;inherit&#8221; column_padding_position=&#8221;all&#8221; column_element_direction_desktop=&#8221;default&#8221; column_element_spacing=&#8221;default&#8221; desktop_text_alignment=&#8221;default&#8221; tablet_text_alignment=&#8221;default&#8221;&#8230;<\/p>\n","protected":false},"author":1,"featured_media":0,"parent":0,"menu_order":0,"comment_status":"closed","ping_status":"closed","template":"","meta":{"footnotes":""},"class_list":["post-3335","page","type-page","status-publish"],"_links":{"self":[{"href":"https:\/\/prast.info\/it\/wp-json\/wp\/v2\/pages\/3335","targetHints":{"allow":["GET"]}}],"collection":[{"href":"https:\/\/prast.info\/it\/wp-json\/wp\/v2\/pages"}],"about":[{"href":"https:\/\/prast.info\/it\/wp-json\/wp\/v2\/types\/page"}],"author":[{"embeddable":true,"href":"https:\/\/prast.info\/it\/wp-json\/wp\/v2\/users\/1"}],"replies":[{"embeddable":true,"href":"https:\/\/prast.info\/it\/wp-json\/wp\/v2\/comments?post=3335"}],"version-history":[{"count":1,"href":"https:\/\/prast.info\/it\/wp-json\/wp\/v2\/pages\/3335\/revisions"}],"predecessor-version":[{"id":3336,"href":"https:\/\/prast.info\/it\/wp-json\/wp\/v2\/pages\/3335\/revisions\/3336"}],"wp:attachment":[{"href":"https:\/\/prast.info\/it\/wp-json\/wp\/v2\/media?parent=3335"}],"curies":[{"name":"wp","href":"https:\/\/api.w.org\/{rel}","templated":true}]}}